{"id":43,"date":"2020-04-08T23:06:52","date_gmt":"2020-04-08T21:06:52","guid":{"rendered":"https:\/\/flirtbees.app\/?page_id=43"},"modified":"2025-03-08T17:23:36","modified_gmt":"2025-03-08T15:23:36","slug":"privacy","status":"publish","type":"page","link":"https:\/\/flirtbees.app\/de\/datenschutz\/","title":{"rendered":"Datenschutz"},"content":{"rendered":"<div data-elementor-type=\"wp-page\" data-elementor-id=\"43\" class=\"elementor elementor-43\" data-elementor-post-type=\"page\">\n\t\t\t\t\t\t<section class=\"elementor-section elementor-top-section elementor-element elementor-element-e61e2e0 elementor-section-boxed elementor-section-height-default elementor-section-height-default\" data-id=\"e61e2e0\" data-element_type=\"section\" data-e-type=\"section\">\n\t\t\t\t\t\t<div class=\"elementor-container elementor-column-gap-default\">\n\t\t\t\t\t<div class=\"elementor-column elementor-col-100 elementor-top-column elementor-element elementor-element-edbd578\" data-id=\"edbd578\" data-element_type=\"column\" data-e-type=\"column\">\n\t\t\t<div class=\"elementor-widget-wrap elementor-element-populated\">\n\t\t\t\t\t\t<div class=\"elementor-element elementor-element-88330ff elementor-widget elementor-widget-heading\" data-id=\"88330ff\" data-element_type=\"widget\" data-e-type=\"widget\" data-widget_type=\"heading.default\">\n\t\t\t\t<div class=\"elementor-widget-container\">\n\t\t\t\t\t<h1 class=\"elementor-heading-title elementor-size-default\">Datenschutz<\/h1>\t\t\t\t<\/div>\n\t\t\t\t<\/div>\n\t\t\t\t<div class=\"elementor-element elementor-element-59fb3ca elementor-widget elementor-widget-text-editor\" data-id=\"59fb3ca\" data-element_type=\"widget\" data-e-type=\"widget\" data-widget_type=\"text-editor.default\">\n\t\t\t\t<div class=\"elementor-widget-container\">\n\t\t\t\t\t\t\t\t\t<p>Ihre Privatsph\u00e4re ist f\u00fcr uns sehr wichtig. In dieser Datenschutzerkl\u00e4rung erfahren Sie, wie wir Ihre pers\u00f6nlichen Daten erfassen, verwenden und sch\u00fctzen, wenn Sie unseren Zufalls-Videochat-Dienst nutzen.<\/p><h2>Gesammelte Informationen<\/h2><p>Wir sammeln nur minimale Informationen, die f\u00fcr die Bereitstellung unseres Dienstes erforderlich sind:<\/p><ul><li><strong>Kamera und Mikrofon<\/strong>: Bei der Nutzung von Videochats greifen wir vor\u00fcbergehend auf Ihre Kamera und Ihr Mikrofon zu. Wir zeichnen diese Interaktionen nicht auf, speichern sie nicht und bewahren sie nicht auf.<\/li><li><strong>Ger\u00e4te- und Nutzungsinformationen<\/strong>: Wir sammeln anonyme Daten \u00fcber Ihren Ger\u00e4tetyp, Ihre IP-Adresse, Browserinformationen und Nutzungsmuster, um die Benutzerfreundlichkeit und Sicherheit zu verbessern.<\/li><\/ul><h2>Wie wir Ihre Informationen verwenden<\/h2><p>Wir verwenden Ihre Daten f\u00fcr die folgenden Zwecke:<\/p><ul><li>Erleichterung und Verwaltung zuf\u00e4lliger Videochat-Interaktionen.<\/li><li>Zur Verbesserung unserer Dienste auf der Grundlage von Nutzungsmustern.<\/li><li>Um die Sicherheit und Integrit\u00e4t unserer Plattform zu gew\u00e4hrleisten.<\/li><\/ul><h2>Gemeinsame Nutzung von Informationen<\/h2><p>Wir werden Ihre personenbezogenen Daten niemals an Dritte verkaufen, tauschen oder anderweitig weitergeben. Wir k\u00f6nnen nicht pers\u00f6nlich identifizierbare Informationen mit vertrauensw\u00fcrdigen Partnern teilen, um unsere Dienstleistungen zu verbessern.<\/p><h2>Sicherheit<\/h2><p>Wir setzen eine Reihe von Sicherheitsma\u00dfnahmen ein, um die Sicherheit Ihrer pers\u00f6nlichen Daten zu gew\u00e4hrleisten. Alle Interaktionen auf unserer Website sind durch sichere Protokolle gesch\u00fctzt.<\/p><h2>Cookies<\/h2><p>Unsere Website kann Cookies verwenden, um die Benutzerfreundlichkeit zu verbessern und die Nutzung der Website zu \u00fcberwachen. Sie k\u00f6nnen Cookies \u00fcber Ihre Browsereinstellungen steuern.<\/p><h2>Links von Dritten<\/h2><p>Gelegentlich k\u00f6nnen wir nach eigenem Ermessen Dienste oder Links von Dritten auf unserer Website einbinden. Diese Websites Dritter haben separate Datenschutzrichtlinien, und wir tragen keine Verantwortung oder Haftung f\u00fcr deren Inhalte und Aktivit\u00e4ten.<\/p><h2>Ihr Einverst\u00e4ndnis<\/h2><p>Durch die Nutzung unserer Website oder App erkl\u00e4ren Sie sich mit unserer Datenschutzrichtlinie einverstanden.<\/p><h2>\u00c4nderungen an unserer Datenschutzrichtlinie<\/h2><p>Wir behalten uns das Recht vor, diese Datenschutzrichtlinie regelm\u00e4\u00dfig zu aktualisieren. Alle \u00c4nderungen werden auf dieser Seite mit einem aktualisierten \u00c4nderungsdatum ver\u00f6ffentlicht.<\/p><h2>Kontaktieren Sie uns<\/h2><p>Wenn Sie Fragen oder Bedenken bez\u00fcglich unserer Datenschutzrichtlinie haben, kontaktieren Sie uns bitte \u00fcber unsere Support-Seite.<\/p>\t\t\t\t\t\t\t\t<\/div>\n\t\t\t\t<\/div>\n\t\t\t\t\t<\/div>\n\t\t<\/div>\n\t\t\t\t\t<\/div>\n\t\t<\/section>\n\t\t\t\t<\/div>","protected":false},"excerpt":{"rendered":"<p>Privacy Your privacy is extremely important to us. This Privacy Policy outlines how we collect, use, and protect your personal information when you use our random video chat service. Information We Collect We collect minimal information necessary for providing our service: Camera and Microphone: When using video chat, we temporarily access your camera and microphone. [&hellip;]<\/p>\n","protected":false},"author":1,"featured_media":0,"parent":0,"menu_order":0,"comment_status":"closed","ping_status":"closed","template":"elementor_header_footer","meta":{"footnotes":""},"class_list":["post-43","page","type-page","status-publish","hentry"],"yoast_head":"<!-- This site is optimized with the Yoast SEO plugin v26.8 - https:\/\/yoast.com\/product\/yoast-seo-wordpress\/ -->\n<title>Privacy - Flirtbees<\/title>\n<meta name=\"description\" content=\"Privacy is an Anonymous random video chat with over 5.000.000 strangers. No Sign-Up Required! Online camera chat on Privacy app.\" \/>\n<meta name=\"robots\" content=\"index, follow, max-snippet:-1, max-image-preview:large, max-video-preview:-1\" \/>\n<link rel=\"canonical\" href=\"https:\/\/flirtbees.app\/de\/privacy\/\" \/>\n<meta property=\"og:locale\" content=\"de_DE\" \/>\n<meta property=\"og:type\" content=\"article\" \/>\n<meta property=\"og:title\" content=\"Privacy - Flirtbees\" \/>\n<meta property=\"og:description\" content=\"Privacy is an Anonymous random video chat with over 5.000.000 strangers. No Sign-Up Required! Online camera chat on Privacy app.\" \/>\n<meta property=\"og:url\" content=\"https:\/\/flirtbees.app\/de\/privacy\/\" \/>\n<meta property=\"og:site_name\" content=\"Flirtbees\" \/>\n<meta property=\"article:modified_time\" content=\"2025-03-08T15:23:36+00:00\" \/>\n<meta name=\"twitter:card\" content=\"summary_large_image\" \/>\n<meta name=\"twitter:label1\" content=\"Gesch\u00e4tzte Lesezeit\" \/>\n\t<meta name=\"twitter:data1\" content=\"2\u00a0Minuten\" \/>\n<script type=\"application\/ld+json\" class=\"yoast-schema-graph\">{\"@context\":\"https:\/\/schema.org\",\"@graph\":[{\"@type\":\"WebPage\",\"@id\":\"https:\/\/flirtbees.app\/privacy\/\",\"url\":\"https:\/\/flirtbees.app\/privacy\/\",\"name\":\"Privacy - Flirtbees\",\"isPartOf\":{\"@id\":\"https:\/\/flirtbees.app\/#website\"},\"datePublished\":\"2020-04-08T21:06:52+00:00\",\"dateModified\":\"2025-03-08T15:23:36+00:00\",\"description\":\"Privacy is an Anonymous random video chat with over 5.000.000 strangers. No Sign-Up Required! Online camera chat on Privacy app.\",\"breadcrumb\":{\"@id\":\"https:\/\/flirtbees.app\/privacy\/#breadcrumb\"},\"inLanguage\":\"de\",\"potentialAction\":[{\"@type\":\"ReadAction\",\"target\":[\"https:\/\/flirtbees.app\/privacy\/\"]}]},{\"@type\":\"BreadcrumbList\",\"@id\":\"https:\/\/flirtbees.app\/privacy\/#breadcrumb\",\"itemListElement\":[{\"@type\":\"ListItem\",\"position\":1,\"name\":\"Home\",\"item\":\"https:\/\/flirtbees.app\/\"},{\"@type\":\"ListItem\",\"position\":2,\"name\":\"Privacy\"}]},{\"@type\":\"WebSite\",\"@id\":\"https:\/\/flirtbees.app\/#website\",\"url\":\"https:\/\/flirtbees.app\/\",\"name\":\"Flirtbees\",\"description\":\"\",\"potentialAction\":[{\"@type\":\"SearchAction\",\"target\":{\"@type\":\"EntryPoint\",\"urlTemplate\":\"https:\/\/flirtbees.app\/?s={search_term_string}\"},\"query-input\":{\"@type\":\"PropertyValueSpecification\",\"valueRequired\":true,\"valueName\":\"search_term_string\"}}],\"inLanguage\":\"de\"}]}<\/script>\n<!-- \/ Yoast SEO plugin. -->","yoast_head_json":{"title":"Datenschutz - Flirtbees","description":"Privacy ist ein anonymer, zuf\u00e4lliger Video-Chat mit \u00fcber 5.000.000 Fremden. Keine Anmeldung erforderlich! Online-Kamera-Chat mit der Privacy-App.","robots":{"index":"index","follow":"follow","max-snippet":"max-snippet:-1","max-image-preview":"max-image-preview:large","max-video-preview":"max-video-preview:-1"},"canonical":"https:\/\/flirtbees.app\/de\/privacy\/","og_locale":"de_DE","og_type":"article","og_title":"Privacy - Flirtbees","og_description":"Privacy is an Anonymous random video chat with over 5.000.000 strangers. No Sign-Up Required! Online camera chat on Privacy app.","og_url":"https:\/\/flirtbees.app\/de\/privacy\/","og_site_name":"Flirtbees","article_modified_time":"2025-03-08T15:23:36+00:00","twitter_card":"summary_large_image","twitter_misc":{"Gesch\u00e4tzte Lesezeit":"2\u00a0Minuten"},"schema":{"@context":"https:\/\/schema.org","@graph":[{"@type":"WebPage","@id":"https:\/\/flirtbees.app\/privacy\/","url":"https:\/\/flirtbees.app\/privacy\/","name":"Datenschutz - Flirtbees","isPartOf":{"@id":"https:\/\/flirtbees.app\/#website"},"datePublished":"2020-04-08T21:06:52+00:00","dateModified":"2025-03-08T15:23:36+00:00","description":"Privacy ist ein anonymer, zuf\u00e4lliger Video-Chat mit \u00fcber 5.000.000 Fremden. Keine Anmeldung erforderlich! Online-Kamera-Chat mit der Privacy-App.","breadcrumb":{"@id":"https:\/\/flirtbees.app\/privacy\/#breadcrumb"},"inLanguage":"de","potentialAction":[{"@type":"ReadAction","target":["https:\/\/flirtbees.app\/privacy\/"]}]},{"@type":"BreadcrumbList","@id":"https:\/\/flirtbees.app\/privacy\/#breadcrumb","itemListElement":[{"@type":"ListItem","position":1,"name":"Home","item":"https:\/\/flirtbees.app\/"},{"@type":"ListItem","position":2,"name":"Privacy"}]},{"@type":"WebSite","@id":"https:\/\/flirtbees.app\/#website","url":"https:\/\/flirtbees.app\/","name":"Flirtbees","description":"","potentialAction":[{"@type":"SearchAction","target":{"@type":"EntryPoint","urlTemplate":"https:\/\/flirtbees.app\/?s={search_term_string}"},"query-input":{"@type":"PropertyValueSpecification","valueRequired":true,"valueName":"search_term_string"}}],"inLanguage":"de"}]}},"_links":{"self":[{"href":"https:\/\/flirtbees.app\/de\/wp-json\/wp\/v2\/pages\/43","targetHints":{"allow":["GET"]}}],"collection":[{"href":"https:\/\/flirtbees.app\/de\/wp-json\/wp\/v2\/pages"}],"about":[{"href":"https:\/\/flirtbees.app\/de\/wp-json\/wp\/v2\/types\/page"}],"author":[{"embeddable":true,"href":"https:\/\/flirtbees.app\/de\/wp-json\/wp\/v2\/users\/1"}],"replies":[{"embeddable":true,"href":"https:\/\/flirtbees.app\/de\/wp-json\/wp\/v2\/comments?post=43"}],"version-history":[{"count":10,"href":"https:\/\/flirtbees.app\/de\/wp-json\/wp\/v2\/pages\/43\/revisions"}],"predecessor-version":[{"id":1976,"href":"https:\/\/flirtbees.app\/de\/wp-json\/wp\/v2\/pages\/43\/revisions\/1976"}],"wp:attachment":[{"href":"https:\/\/flirtbees.app\/de\/wp-json\/wp\/v2\/media?parent=43"}],"curies":[{"name":"wp","href":"https:\/\/api.w.org\/{rel}","templated":true}]}}