{"id":43,"date":"2020-04-08T23:06:52","date_gmt":"2020-04-08T21:06:52","guid":{"rendered":"https:\/\/flirtbees.app\/?page_id=43"},"modified":"2025-03-08T17:23:36","modified_gmt":"2025-03-08T15:23:36","slug":"privacy","status":"publish","type":"page","link":"https:\/\/flirtbees.app\/es\/privacidad\/","title":{"rendered":"Privacidad"},"content":{"rendered":"<div data-elementor-type=\"wp-page\" data-elementor-id=\"43\" class=\"elementor elementor-43\" data-elementor-post-type=\"page\">\n\t\t\t\t\t\t<section class=\"elementor-section elementor-top-section elementor-element elementor-element-e61e2e0 elementor-section-boxed elementor-section-height-default elementor-section-height-default\" data-id=\"e61e2e0\" data-element_type=\"section\" data-e-type=\"section\">\n\t\t\t\t\t\t<div class=\"elementor-container elementor-column-gap-default\">\n\t\t\t\t\t<div class=\"elementor-column elementor-col-100 elementor-top-column elementor-element elementor-element-edbd578\" data-id=\"edbd578\" data-element_type=\"column\" data-e-type=\"column\">\n\t\t\t<div class=\"elementor-widget-wrap elementor-element-populated\">\n\t\t\t\t\t\t<div class=\"elementor-element elementor-element-88330ff elementor-widget elementor-widget-heading\" data-id=\"88330ff\" data-element_type=\"widget\" data-e-type=\"widget\" data-widget_type=\"heading.default\">\n\t\t\t\t<div class=\"elementor-widget-container\">\n\t\t\t\t\t<h1 class=\"elementor-heading-title elementor-size-default\">Privacidad<\/h1>\t\t\t\t<\/div>\n\t\t\t\t<\/div>\n\t\t\t\t<div class=\"elementor-element elementor-element-59fb3ca elementor-widget elementor-widget-text-editor\" data-id=\"59fb3ca\" data-element_type=\"widget\" data-e-type=\"widget\" data-widget_type=\"text-editor.default\">\n\t\t\t\t<div class=\"elementor-widget-container\">\n\t\t\t\t\t\t\t\t\t<p>Su privacidad es extremadamente importante para nosotros. Esta Pol\u00edtica de privacidad describe c\u00f3mo recopilamos, utilizamos y protegemos su informaci\u00f3n personal cuando utiliza nuestro servicio de videochat aleatorio.<\/p><h2>Informaci\u00f3n que recopilamos<\/h2><p>Recopilamos la informaci\u00f3n m\u00ednima necesaria para prestar nuestro servicio:<\/p><ul><li><strong>C\u00e1mara y micr\u00f3fono<\/strong>: Al utilizar el chat de v\u00eddeo, accedemos temporalmente a su c\u00e1mara y micr\u00f3fono. No grabamos, guardamos ni almacenamos estas interacciones.<\/li><li><strong>Informaci\u00f3n sobre dispositivos y uso<\/strong>: Recopilamos datos an\u00f3nimos sobre su tipo de dispositivo, direcci\u00f3n IP, informaci\u00f3n del navegador y patrones de uso para mejorar la experiencia del usuario y la seguridad.<\/li><\/ul><h2>C\u00f3mo utilizamos su informaci\u00f3n<\/h2><p>Utilizamos su informaci\u00f3n para los siguientes fines:<\/p><ul><li>Para facilitar y gestionar interacciones aleatorias de videochat.<\/li><li>Para mejorar nuestros servicios bas\u00e1ndonos en patrones de uso.<\/li><li>Mantener la seguridad e integridad de nuestra plataforma.<\/li><\/ul><h2>Intercambio de informaci\u00f3n<\/h2><p>Nunca vendemos, intercambiamos ni transferimos de ning\u00fan otro modo sus datos personales a terceros. Podemos compartir informaci\u00f3n no identificable personalmente con socios de confianza para mejorar nuestros servicios.<\/p><h2>Seguridad<\/h2><p>Aplicamos diversas medidas de seguridad para mantener la seguridad de su informaci\u00f3n personal. Todas las interacciones en nuestro sitio est\u00e1n protegidas por protocolos seguros.<\/p><h2>Cookies<\/h2><p>Nuestro sitio web puede utilizar cookies para mejorar la experiencia del usuario y controlar el uso del sitio. Puede controlar las cookies a trav\u00e9s de la configuraci\u00f3n de su navegador.<\/p><h2>Enlaces de terceros<\/h2><p>Ocasionalmente, a nuestra discreci\u00f3n, podemos incluir servicios o enlaces de terceros en nuestro sitio web. Estos sitios de terceros tienen pol\u00edticas de privacidad independientes, y no asumimos responsabilidad alguna por su contenido y actividades.<\/p><h2>Su consentimiento<\/h2><p>Al utilizar nuestro sitio web o nuestra aplicaci\u00f3n, usted acepta nuestra Pol\u00edtica de privacidad.<\/p><h2>Cambios en nuestra pol\u00edtica de privacidad<\/h2><p>Nos reservamos el derecho de actualizar peri\u00f3dicamente esta Pol\u00edtica de Privacidad. Cualquier cambio se publicar\u00e1 en esta p\u00e1gina con una fecha de revisi\u00f3n actualizada.<\/p><h2>Contacto<\/h2><p>Si tiene preguntas o dudas sobre nuestra Pol\u00edtica de privacidad, p\u00f3ngase en contacto con nosotros a trav\u00e9s de nuestra p\u00e1gina de asistencia.<\/p>\t\t\t\t\t\t\t\t<\/div>\n\t\t\t\t<\/div>\n\t\t\t\t\t<\/div>\n\t\t<\/div>\n\t\t\t\t\t<\/div>\n\t\t<\/section>\n\t\t\t\t<\/div>","protected":false},"excerpt":{"rendered":"<p>Privacy Your privacy is extremely important to us. This Privacy Policy outlines how we collect, use, and protect your personal information when you use our random video chat service. Information We Collect We collect minimal information necessary for providing our service: Camera and Microphone: When using video chat, we temporarily access your camera and microphone. [&hellip;]<\/p>\n","protected":false},"author":1,"featured_media":0,"parent":0,"menu_order":0,"comment_status":"closed","ping_status":"closed","template":"elementor_header_footer","meta":{"footnotes":""},"class_list":["post-43","page","type-page","status-publish","hentry"],"yoast_head":"<!-- This site is optimized with the Yoast SEO plugin v26.8 - https:\/\/yoast.com\/product\/yoast-seo-wordpress\/ -->\n<title>Privacy - Flirtbees<\/title>\n<meta name=\"description\" content=\"Privacy is an Anonymous random video chat with over 5.000.000 strangers. No Sign-Up Required! Online camera chat on Privacy app.\" \/>\n<meta name=\"robots\" content=\"index, follow, max-snippet:-1, max-image-preview:large, max-video-preview:-1\" \/>\n<link rel=\"canonical\" href=\"https:\/\/flirtbees.app\/es\/privacy\/\" \/>\n<meta property=\"og:locale\" content=\"es_ES\" \/>\n<meta property=\"og:type\" content=\"article\" \/>\n<meta property=\"og:title\" content=\"Privacy - Flirtbees\" \/>\n<meta property=\"og:description\" content=\"Privacy is an Anonymous random video chat with over 5.000.000 strangers. No Sign-Up Required! Online camera chat on Privacy app.\" \/>\n<meta property=\"og:url\" content=\"https:\/\/flirtbees.app\/es\/privacy\/\" \/>\n<meta property=\"og:site_name\" content=\"Flirtbees\" \/>\n<meta property=\"article:modified_time\" content=\"2025-03-08T15:23:36+00:00\" \/>\n<meta name=\"twitter:card\" content=\"summary_large_image\" \/>\n<meta name=\"twitter:label1\" content=\"Tiempo de lectura\" \/>\n\t<meta name=\"twitter:data1\" content=\"2 minutos\" \/>\n<script type=\"application\/ld+json\" class=\"yoast-schema-graph\">{\"@context\":\"https:\/\/schema.org\",\"@graph\":[{\"@type\":\"WebPage\",\"@id\":\"https:\/\/flirtbees.app\/privacy\/\",\"url\":\"https:\/\/flirtbees.app\/privacy\/\",\"name\":\"Privacy - Flirtbees\",\"isPartOf\":{\"@id\":\"https:\/\/flirtbees.app\/#website\"},\"datePublished\":\"2020-04-08T21:06:52+00:00\",\"dateModified\":\"2025-03-08T15:23:36+00:00\",\"description\":\"Privacy is an Anonymous random video chat with over 5.000.000 strangers. No Sign-Up Required! Online camera chat on Privacy app.\",\"breadcrumb\":{\"@id\":\"https:\/\/flirtbees.app\/privacy\/#breadcrumb\"},\"inLanguage\":\"es\",\"potentialAction\":[{\"@type\":\"ReadAction\",\"target\":[\"https:\/\/flirtbees.app\/privacy\/\"]}]},{\"@type\":\"BreadcrumbList\",\"@id\":\"https:\/\/flirtbees.app\/privacy\/#breadcrumb\",\"itemListElement\":[{\"@type\":\"ListItem\",\"position\":1,\"name\":\"Home\",\"item\":\"https:\/\/flirtbees.app\/\"},{\"@type\":\"ListItem\",\"position\":2,\"name\":\"Privacy\"}]},{\"@type\":\"WebSite\",\"@id\":\"https:\/\/flirtbees.app\/#website\",\"url\":\"https:\/\/flirtbees.app\/\",\"name\":\"Flirtbees\",\"description\":\"\",\"potentialAction\":[{\"@type\":\"SearchAction\",\"target\":{\"@type\":\"EntryPoint\",\"urlTemplate\":\"https:\/\/flirtbees.app\/?s={search_term_string}\"},\"query-input\":{\"@type\":\"PropertyValueSpecification\",\"valueRequired\":true,\"valueName\":\"search_term_string\"}}],\"inLanguage\":\"es\"}]}<\/script>\n<!-- \/ Yoast SEO plugin. -->","yoast_head_json":{"title":"Privacidad - Flirtbees","description":"Privacy es un videochat an\u00f3nimo aleatorio con m\u00e1s de 5.000.000 de desconocidos. No es necesario registrarse. Chat con c\u00e1mara en l\u00ednea en la aplicaci\u00f3n Privacy.","robots":{"index":"index","follow":"follow","max-snippet":"max-snippet:-1","max-image-preview":"max-image-preview:large","max-video-preview":"max-video-preview:-1"},"canonical":"https:\/\/flirtbees.app\/es\/privacy\/","og_locale":"es_ES","og_type":"article","og_title":"Privacy - Flirtbees","og_description":"Privacy is an Anonymous random video chat with over 5.000.000 strangers. No Sign-Up Required! Online camera chat on Privacy app.","og_url":"https:\/\/flirtbees.app\/es\/privacy\/","og_site_name":"Flirtbees","article_modified_time":"2025-03-08T15:23:36+00:00","twitter_card":"summary_large_image","twitter_misc":{"Tiempo de lectura":"2 minutos"},"schema":{"@context":"https:\/\/schema.org","@graph":[{"@type":"WebPage","@id":"https:\/\/flirtbees.app\/privacy\/","url":"https:\/\/flirtbees.app\/privacy\/","name":"Privacidad - Flirtbees","isPartOf":{"@id":"https:\/\/flirtbees.app\/#website"},"datePublished":"2020-04-08T21:06:52+00:00","dateModified":"2025-03-08T15:23:36+00:00","description":"Privacy es un videochat an\u00f3nimo aleatorio con m\u00e1s de 5.000.000 de desconocidos. No es necesario registrarse. Chat con c\u00e1mara en l\u00ednea en la aplicaci\u00f3n Privacy.","breadcrumb":{"@id":"https:\/\/flirtbees.app\/privacy\/#breadcrumb"},"inLanguage":"es","potentialAction":[{"@type":"ReadAction","target":["https:\/\/flirtbees.app\/privacy\/"]}]},{"@type":"BreadcrumbList","@id":"https:\/\/flirtbees.app\/privacy\/#breadcrumb","itemListElement":[{"@type":"ListItem","position":1,"name":"Home","item":"https:\/\/flirtbees.app\/"},{"@type":"ListItem","position":2,"name":"Privacy"}]},{"@type":"WebSite","@id":"https:\/\/flirtbees.app\/#website","url":"https:\/\/flirtbees.app\/","name":"Flirtbees","description":"","potentialAction":[{"@type":"SearchAction","target":{"@type":"EntryPoint","urlTemplate":"https:\/\/flirtbees.app\/?s={search_term_string}"},"query-input":{"@type":"PropertyValueSpecification","valueRequired":true,"valueName":"search_term_string"}}],"inLanguage":"es"}]}},"_links":{"self":[{"href":"https:\/\/flirtbees.app\/es\/wp-json\/wp\/v2\/pages\/43","targetHints":{"allow":["GET"]}}],"collection":[{"href":"https:\/\/flirtbees.app\/es\/wp-json\/wp\/v2\/pages"}],"about":[{"href":"https:\/\/flirtbees.app\/es\/wp-json\/wp\/v2\/types\/page"}],"author":[{"embeddable":true,"href":"https:\/\/flirtbees.app\/es\/wp-json\/wp\/v2\/users\/1"}],"replies":[{"embeddable":true,"href":"https:\/\/flirtbees.app\/es\/wp-json\/wp\/v2\/comments?post=43"}],"version-history":[{"count":10,"href":"https:\/\/flirtbees.app\/es\/wp-json\/wp\/v2\/pages\/43\/revisions"}],"predecessor-version":[{"id":1976,"href":"https:\/\/flirtbees.app\/es\/wp-json\/wp\/v2\/pages\/43\/revisions\/1976"}],"wp:attachment":[{"href":"https:\/\/flirtbees.app\/es\/wp-json\/wp\/v2\/media?parent=43"}],"curies":[{"name":"wp","href":"https:\/\/api.w.org\/{rel}","templated":true}]}}