{"id":43,"date":"2020-04-08T23:06:52","date_gmt":"2020-04-08T21:06:52","guid":{"rendered":"https:\/\/flirtbees.app\/?page_id=43"},"modified":"2025-03-08T17:23:36","modified_gmt":"2025-03-08T15:23:36","slug":"privacy","status":"publish","type":"page","link":"https:\/\/flirtbees.app\/fr\/vie-privee\/","title":{"rendered":"Vie priv\u00e9e"},"content":{"rendered":"<div data-elementor-type=\"wp-page\" data-elementor-id=\"43\" class=\"elementor elementor-43\" data-elementor-post-type=\"page\">\n\t\t\t\t\t\t<section class=\"elementor-section elementor-top-section elementor-element elementor-element-e61e2e0 elementor-section-boxed elementor-section-height-default elementor-section-height-default\" data-id=\"e61e2e0\" data-element_type=\"section\" data-e-type=\"section\">\n\t\t\t\t\t\t<div class=\"elementor-container elementor-column-gap-default\">\n\t\t\t\t\t<div class=\"elementor-column elementor-col-100 elementor-top-column elementor-element elementor-element-edbd578\" data-id=\"edbd578\" data-element_type=\"column\" data-e-type=\"column\">\n\t\t\t<div class=\"elementor-widget-wrap elementor-element-populated\">\n\t\t\t\t\t\t<div class=\"elementor-element elementor-element-88330ff elementor-widget elementor-widget-heading\" data-id=\"88330ff\" data-element_type=\"widget\" data-e-type=\"widget\" data-widget_type=\"heading.default\">\n\t\t\t\t<div class=\"elementor-widget-container\">\n\t\t\t\t\t<h1 class=\"elementor-heading-title elementor-size-default\">Vie priv\u00e9e<\/h1>\t\t\t\t<\/div>\n\t\t\t\t<\/div>\n\t\t\t\t<div class=\"elementor-element elementor-element-59fb3ca elementor-widget elementor-widget-text-editor\" data-id=\"59fb3ca\" data-element_type=\"widget\" data-e-type=\"widget\" data-widget_type=\"text-editor.default\">\n\t\t\t\t<div class=\"elementor-widget-container\">\n\t\t\t\t\t\t\t\t\t<p>Nous accordons une grande importance \u00e0 la protection de votre vie priv\u00e9e. La pr\u00e9sente politique de confidentialit\u00e9 d\u00e9crit la mani\u00e8re dont nous recueillons, utilisons et prot\u00e9geons vos informations personnelles lorsque vous utilisez notre service de chat vid\u00e9o al\u00e9atoire.<\/p><h2>Informations collect\u00e9es<\/h2><p>Nous recueillons les informations minimales n\u00e9cessaires \u00e0 la fourniture de nos services :<\/p><ul><li><strong>Cam\u00e9ra et microphone<\/strong>: Lorsque vous utilisez le chat vid\u00e9o, nous acc\u00e9dons temporairement \u00e0 votre cam\u00e9ra et \u00e0 votre microphone. Nous n'enregistrons pas, ne sauvegardons pas et ne stockons pas ces interactions.<\/li><li><strong>Informations sur les appareils et l'utilisation<\/strong>: Nous collectons des donn\u00e9es anonymes sur votre type d'appareil, votre adresse IP, votre navigateur et vos habitudes d'utilisation afin d'am\u00e9liorer l'exp\u00e9rience et la s\u00e9curit\u00e9 de l'utilisateur.<\/li><\/ul><h2>Comment nous utilisons vos informations<\/h2><p>Nous utilisons vos informations aux fins suivantes :<\/p><ul><li>Faciliter et g\u00e9rer les interactions de chat vid\u00e9o al\u00e9atoires.<\/li><li>Am\u00e9liorer nos services en fonction des habitudes d'utilisation.<\/li><li>Maintenir la s\u00fbret\u00e9, la s\u00e9curit\u00e9 et l'int\u00e9grit\u00e9 de notre plateforme.<\/li><\/ul><h2>Partage d'informations<\/h2><p>Nous ne vendons, n'\u00e9changeons ou ne transf\u00e9rons jamais vos informations personnelles identifiables \u00e0 des tiers. Nous pouvons partager des informations non personnellement identifiables avec des partenaires de confiance afin d'am\u00e9liorer nos services.<\/p><h2>S\u00e9curit\u00e9<\/h2><p>Nous mettons en \u0153uvre une s\u00e9rie de mesures de s\u00e9curit\u00e9 pour pr\u00e9server la s\u00e9curit\u00e9 de vos informations personnelles. Toutes les interactions sur notre site sont prot\u00e9g\u00e9es par des protocoles s\u00e9curis\u00e9s.<\/p><h2>Cookies<\/h2><p>Notre site web peut utiliser des cookies pour am\u00e9liorer l'exp\u00e9rience de l'utilisateur et surveiller l'utilisation du site. Vous pouvez contr\u00f4ler les cookies par le biais des param\u00e8tres de votre navigateur.<\/p><h2>Liens avec des tiers<\/h2><p>Occasionnellement, \u00e0 notre discr\u00e9tion, nous pouvons inclure des services ou des liens de tiers sur notre site web. Ces sites tiers ont des politiques de confidentialit\u00e9 distinctes et nous ne sommes pas responsables de leur contenu et de leurs activit\u00e9s.<\/p><h2>Votre consentement<\/h2><p>En utilisant notre site web ou notre application, vous acceptez notre politique de confidentialit\u00e9.<\/p><h2>Modifications de notre politique de confidentialit\u00e9<\/h2><p>Nous nous r\u00e9servons le droit de mettre \u00e0 jour p\u00e9riodiquement la pr\u00e9sente politique de confidentialit\u00e9. Toute modification sera publi\u00e9e sur cette page avec une date de r\u00e9vision actualis\u00e9e.<\/p><h2>Nous contacter<\/h2><p>Si vous avez des questions ou des pr\u00e9occupations concernant notre politique de protection de la vie priv\u00e9e, veuillez nous contacter via notre page d'assistance.<\/p>\t\t\t\t\t\t\t\t<\/div>\n\t\t\t\t<\/div>\n\t\t\t\t\t<\/div>\n\t\t<\/div>\n\t\t\t\t\t<\/div>\n\t\t<\/section>\n\t\t\t\t<\/div>","protected":false},"excerpt":{"rendered":"<p>Privacy Your privacy is extremely important to us. This Privacy Policy outlines how we collect, use, and protect your personal information when you use our random video chat service. Information We Collect We collect minimal information necessary for providing our service: Camera and Microphone: When using video chat, we temporarily access your camera and microphone. [&hellip;]<\/p>\n","protected":false},"author":1,"featured_media":0,"parent":0,"menu_order":0,"comment_status":"closed","ping_status":"closed","template":"elementor_header_footer","meta":{"footnotes":""},"class_list":["post-43","page","type-page","status-publish","hentry"],"yoast_head":"<!-- This site is optimized with the Yoast SEO plugin v26.8 - https:\/\/yoast.com\/product\/yoast-seo-wordpress\/ -->\n<title>Privacy - Flirtbees<\/title>\n<meta name=\"description\" content=\"Privacy is an Anonymous random video chat with over 5.000.000 strangers. No Sign-Up Required! Online camera chat on Privacy app.\" \/>\n<meta name=\"robots\" content=\"index, follow, max-snippet:-1, max-image-preview:large, max-video-preview:-1\" \/>\n<link rel=\"canonical\" href=\"https:\/\/flirtbees.app\/fr\/privacy\/\" \/>\n<meta property=\"og:locale\" content=\"fr_FR\" \/>\n<meta property=\"og:type\" content=\"article\" \/>\n<meta property=\"og:title\" content=\"Privacy - Flirtbees\" \/>\n<meta property=\"og:description\" content=\"Privacy is an Anonymous random video chat with over 5.000.000 strangers. No Sign-Up Required! Online camera chat on Privacy app.\" \/>\n<meta property=\"og:url\" content=\"https:\/\/flirtbees.app\/fr\/privacy\/\" \/>\n<meta property=\"og:site_name\" content=\"Flirtbees\" \/>\n<meta property=\"article:modified_time\" content=\"2025-03-08T15:23:36+00:00\" \/>\n<meta name=\"twitter:card\" content=\"summary_large_image\" \/>\n<meta name=\"twitter:label1\" content=\"Dur\u00e9e de lecture estim\u00e9e\" \/>\n\t<meta name=\"twitter:data1\" content=\"2 minutes\" \/>\n<script type=\"application\/ld+json\" class=\"yoast-schema-graph\">{\"@context\":\"https:\/\/schema.org\",\"@graph\":[{\"@type\":\"WebPage\",\"@id\":\"https:\/\/flirtbees.app\/privacy\/\",\"url\":\"https:\/\/flirtbees.app\/privacy\/\",\"name\":\"Privacy - Flirtbees\",\"isPartOf\":{\"@id\":\"https:\/\/flirtbees.app\/#website\"},\"datePublished\":\"2020-04-08T21:06:52+00:00\",\"dateModified\":\"2025-03-08T15:23:36+00:00\",\"description\":\"Privacy is an Anonymous random video chat with over 5.000.000 strangers. No Sign-Up Required! Online camera chat on Privacy app.\",\"breadcrumb\":{\"@id\":\"https:\/\/flirtbees.app\/privacy\/#breadcrumb\"},\"inLanguage\":\"fr-FR\",\"potentialAction\":[{\"@type\":\"ReadAction\",\"target\":[\"https:\/\/flirtbees.app\/privacy\/\"]}]},{\"@type\":\"BreadcrumbList\",\"@id\":\"https:\/\/flirtbees.app\/privacy\/#breadcrumb\",\"itemListElement\":[{\"@type\":\"ListItem\",\"position\":1,\"name\":\"Home\",\"item\":\"https:\/\/flirtbees.app\/\"},{\"@type\":\"ListItem\",\"position\":2,\"name\":\"Privacy\"}]},{\"@type\":\"WebSite\",\"@id\":\"https:\/\/flirtbees.app\/#website\",\"url\":\"https:\/\/flirtbees.app\/\",\"name\":\"Flirtbees\",\"description\":\"\",\"potentialAction\":[{\"@type\":\"SearchAction\",\"target\":{\"@type\":\"EntryPoint\",\"urlTemplate\":\"https:\/\/flirtbees.app\/?s={search_term_string}\"},\"query-input\":{\"@type\":\"PropertyValueSpecification\",\"valueRequired\":true,\"valueName\":\"search_term_string\"}}],\"inLanguage\":\"fr-FR\"}]}<\/script>\n<!-- \/ Yoast SEO plugin. -->","yoast_head_json":{"title":"Vie priv\u00e9e - Flirtbees","description":"Privacy est un chat vid\u00e9o anonyme et al\u00e9atoire avec plus de 5 000 000 d'inconnus. Aucune inscription n'est requise ! Chat en ligne avec cam\u00e9ra sur l'application Privacy.","robots":{"index":"index","follow":"follow","max-snippet":"max-snippet:-1","max-image-preview":"max-image-preview:large","max-video-preview":"max-video-preview:-1"},"canonical":"https:\/\/flirtbees.app\/fr\/privacy\/","og_locale":"fr_FR","og_type":"article","og_title":"Privacy - Flirtbees","og_description":"Privacy is an Anonymous random video chat with over 5.000.000 strangers. No Sign-Up Required! Online camera chat on Privacy app.","og_url":"https:\/\/flirtbees.app\/fr\/privacy\/","og_site_name":"Flirtbees","article_modified_time":"2025-03-08T15:23:36+00:00","twitter_card":"summary_large_image","twitter_misc":{"Dur\u00e9e de lecture estim\u00e9e":"2 minutes"},"schema":{"@context":"https:\/\/schema.org","@graph":[{"@type":"WebPage","@id":"https:\/\/flirtbees.app\/privacy\/","url":"https:\/\/flirtbees.app\/privacy\/","name":"Vie priv\u00e9e - Flirtbees","isPartOf":{"@id":"https:\/\/flirtbees.app\/#website"},"datePublished":"2020-04-08T21:06:52+00:00","dateModified":"2025-03-08T15:23:36+00:00","description":"Privacy est un chat vid\u00e9o anonyme et al\u00e9atoire avec plus de 5 000 000 d'inconnus. Aucune inscription n'est requise ! Chat en ligne avec cam\u00e9ra sur l'application Privacy.","breadcrumb":{"@id":"https:\/\/flirtbees.app\/privacy\/#breadcrumb"},"inLanguage":"fr-FR","potentialAction":[{"@type":"ReadAction","target":["https:\/\/flirtbees.app\/privacy\/"]}]},{"@type":"BreadcrumbList","@id":"https:\/\/flirtbees.app\/privacy\/#breadcrumb","itemListElement":[{"@type":"ListItem","position":1,"name":"Home","item":"https:\/\/flirtbees.app\/"},{"@type":"ListItem","position":2,"name":"Privacy"}]},{"@type":"WebSite","@id":"https:\/\/flirtbees.app\/#website","url":"https:\/\/flirtbees.app\/","name":"Flirtbees","description":"","potentialAction":[{"@type":"SearchAction","target":{"@type":"EntryPoint","urlTemplate":"https:\/\/flirtbees.app\/?s={search_term_string}"},"query-input":{"@type":"PropertyValueSpecification","valueRequired":true,"valueName":"search_term_string"}}],"inLanguage":"fr-FR"}]}},"_links":{"self":[{"href":"https:\/\/flirtbees.app\/fr\/wp-json\/wp\/v2\/pages\/43","targetHints":{"allow":["GET"]}}],"collection":[{"href":"https:\/\/flirtbees.app\/fr\/wp-json\/wp\/v2\/pages"}],"about":[{"href":"https:\/\/flirtbees.app\/fr\/wp-json\/wp\/v2\/types\/page"}],"author":[{"embeddable":true,"href":"https:\/\/flirtbees.app\/fr\/wp-json\/wp\/v2\/users\/1"}],"replies":[{"embeddable":true,"href":"https:\/\/flirtbees.app\/fr\/wp-json\/wp\/v2\/comments?post=43"}],"version-history":[{"count":10,"href":"https:\/\/flirtbees.app\/fr\/wp-json\/wp\/v2\/pages\/43\/revisions"}],"predecessor-version":[{"id":1976,"href":"https:\/\/flirtbees.app\/fr\/wp-json\/wp\/v2\/pages\/43\/revisions\/1976"}],"wp:attachment":[{"href":"https:\/\/flirtbees.app\/fr\/wp-json\/wp\/v2\/media?parent=43"}],"curies":[{"name":"wp","href":"https:\/\/api.w.org\/{rel}","templated":true}]}}