{"id":43,"date":"2020-04-08T23:06:52","date_gmt":"2020-04-08T21:06:52","guid":{"rendered":"https:\/\/flirtbees.app\/?page_id=43"},"modified":"2025-03-08T17:23:36","modified_gmt":"2025-03-08T15:23:36","slug":"privacy","status":"publish","type":"page","link":"https:\/\/flirtbees.app\/pt\/privacidade\/","title":{"rendered":"Privacidade"},"content":{"rendered":"<div data-elementor-type=\"wp-page\" data-elementor-id=\"43\" class=\"elementor elementor-43\" data-elementor-post-type=\"page\">\n\t\t\t\t\t\t<section class=\"elementor-section elementor-top-section elementor-element elementor-element-e61e2e0 elementor-section-boxed elementor-section-height-default elementor-section-height-default\" data-id=\"e61e2e0\" data-element_type=\"section\" data-e-type=\"section\">\n\t\t\t\t\t\t<div class=\"elementor-container elementor-column-gap-default\">\n\t\t\t\t\t<div class=\"elementor-column elementor-col-100 elementor-top-column elementor-element elementor-element-edbd578\" data-id=\"edbd578\" data-element_type=\"column\" data-e-type=\"column\">\n\t\t\t<div class=\"elementor-widget-wrap elementor-element-populated\">\n\t\t\t\t\t\t<div class=\"elementor-element elementor-element-88330ff elementor-widget elementor-widget-heading\" data-id=\"88330ff\" data-element_type=\"widget\" data-e-type=\"widget\" data-widget_type=\"heading.default\">\n\t\t\t\t<div class=\"elementor-widget-container\">\n\t\t\t\t\t<h1 class=\"elementor-heading-title elementor-size-default\">Privacidade<\/h1>\t\t\t\t<\/div>\n\t\t\t\t<\/div>\n\t\t\t\t<div class=\"elementor-element elementor-element-59fb3ca elementor-widget elementor-widget-text-editor\" data-id=\"59fb3ca\" data-element_type=\"widget\" data-e-type=\"widget\" data-widget_type=\"text-editor.default\">\n\t\t\t\t<div class=\"elementor-widget-container\">\n\t\t\t\t\t\t\t\t\t<p>Sua privacidade \u00e9 extremamente importante para n\u00f3s. Esta Pol\u00edtica de Privacidade descreve como coletamos, usamos e protegemos suas informa\u00e7\u00f5es pessoais quando voc\u00ea usa nosso servi\u00e7o de bate-papo por v\u00eddeo aleat\u00f3rio.<\/p><h2>Informa\u00e7\u00f5es que coletamos<\/h2><p>Coletamos as informa\u00e7\u00f5es m\u00ednimas necess\u00e1rias para fornecer nosso servi\u00e7o:<\/p><ul><li><strong>C\u00e2mera e microfone<\/strong>: Ao usar o bate-papo por v\u00eddeo, acessamos temporariamente sua c\u00e2mera e seu microfone. N\u00e3o gravamos, salvamos ou armazenamos essas intera\u00e7\u00f5es.<\/li><li><strong>Informa\u00e7\u00f5es sobre o dispositivo e o uso<\/strong>: Coletamos dados an\u00f4nimos sobre o seu tipo de dispositivo, endere\u00e7o IP, informa\u00e7\u00f5es do navegador e padr\u00f5es de uso para aprimorar a experi\u00eancia e a seguran\u00e7a do usu\u00e1rio.<\/li><\/ul><h2>Como usamos suas informa\u00e7\u00f5es<\/h2><p>Usamos suas informa\u00e7\u00f5es para as seguintes finalidades:<\/p><ul><li>Para facilitar e gerenciar intera\u00e7\u00f5es aleat\u00f3rias de bate-papo por v\u00eddeo.<\/li><li>Para melhorar nossos servi\u00e7os com base nos padr\u00f5es de uso.<\/li><li>Para manter a seguran\u00e7a, a prote\u00e7\u00e3o e a integridade de nossa plataforma.<\/li><\/ul><h2>Compartilhamento de informa\u00e7\u00f5es<\/h2><p>Nunca vendemos, trocamos ou transferimos suas informa\u00e7\u00f5es de identifica\u00e7\u00e3o pessoal para terceiros. Podemos compartilhar informa\u00e7\u00f5es n\u00e3o pessoalmente identific\u00e1veis com parceiros confi\u00e1veis para aprimorar nossos servi\u00e7os.<\/p><h2>Seguran\u00e7a<\/h2><p>Implementamos uma s\u00e9rie de medidas de seguran\u00e7a para manter a seguran\u00e7a de suas informa\u00e7\u00f5es pessoais. Todas as intera\u00e7\u00f5es em nosso site s\u00e3o protegidas por protocolos seguros.<\/p><h2>Cookies<\/h2><p>Nosso site pode usar cookies para melhorar a experi\u00eancia do usu\u00e1rio e monitorar o uso do site. Voc\u00ea pode controlar os cookies por meio das configura\u00e7\u00f5es do seu navegador.<\/p><h2>Links de terceiros<\/h2><p>Ocasionalmente, a nosso crit\u00e9rio, poderemos incluir servi\u00e7os ou links de terceiros em nosso site. Esses sites de terceiros t\u00eam pol\u00edticas de privacidade separadas e n\u00e3o assumimos nenhuma responsabilidade ou obriga\u00e7\u00e3o por seu conte\u00fado e atividades.<\/p><h2>Seu consentimento<\/h2><p>Ao usar nosso site ou aplicativo, voc\u00ea concorda com nossa Pol\u00edtica de Privacidade.<\/p><h2>Altera\u00e7\u00f5es em nossa pol\u00edtica de privacidade<\/h2><p>Reservamo-nos o direito de atualizar esta Pol\u00edtica de Privacidade periodicamente. Quaisquer altera\u00e7\u00f5es ser\u00e3o publicadas nesta p\u00e1gina com uma data de revis\u00e3o atualizada.<\/p><h2>Como entrar em contato conosco<\/h2><p>Se tiver d\u00favidas ou preocupa\u00e7\u00f5es sobre nossa Pol\u00edtica de Privacidade, entre em contato conosco por meio de nossa p\u00e1gina de suporte.<\/p>\t\t\t\t\t\t\t\t<\/div>\n\t\t\t\t<\/div>\n\t\t\t\t\t<\/div>\n\t\t<\/div>\n\t\t\t\t\t<\/div>\n\t\t<\/section>\n\t\t\t\t<\/div>","protected":false},"excerpt":{"rendered":"<p>Privacy Your privacy is extremely important to us. This Privacy Policy outlines how we collect, use, and protect your personal information when you use our random video chat service. Information We Collect We collect minimal information necessary for providing our service: Camera and Microphone: When using video chat, we temporarily access your camera and microphone. [&hellip;]<\/p>\n","protected":false},"author":1,"featured_media":0,"parent":0,"menu_order":0,"comment_status":"closed","ping_status":"closed","template":"elementor_header_footer","meta":{"footnotes":""},"class_list":["post-43","page","type-page","status-publish","hentry"],"yoast_head":"<!-- This site is optimized with the Yoast SEO plugin v26.8 - https:\/\/yoast.com\/product\/yoast-seo-wordpress\/ -->\n<title>Privacy - Flirtbees<\/title>\n<meta name=\"description\" content=\"Privacy is an Anonymous random video chat with over 5.000.000 strangers. No Sign-Up Required! Online camera chat on Privacy app.\" \/>\n<meta name=\"robots\" content=\"index, follow, max-snippet:-1, max-image-preview:large, max-video-preview:-1\" \/>\n<link rel=\"canonical\" href=\"https:\/\/flirtbees.app\/pt\/privacy\/\" \/>\n<meta property=\"og:locale\" content=\"pt_BR\" \/>\n<meta property=\"og:type\" content=\"article\" \/>\n<meta property=\"og:title\" content=\"Privacy - Flirtbees\" \/>\n<meta property=\"og:description\" content=\"Privacy is an Anonymous random video chat with over 5.000.000 strangers. No Sign-Up Required! Online camera chat on Privacy app.\" \/>\n<meta property=\"og:url\" content=\"https:\/\/flirtbees.app\/pt\/privacy\/\" \/>\n<meta property=\"og:site_name\" content=\"Flirtbees\" \/>\n<meta property=\"article:modified_time\" content=\"2025-03-08T15:23:36+00:00\" \/>\n<meta name=\"twitter:card\" content=\"summary_large_image\" \/>\n<meta name=\"twitter:label1\" content=\"Est. tempo de leitura\" \/>\n\t<meta name=\"twitter:data1\" content=\"2 minutos\" \/>\n<script type=\"application\/ld+json\" class=\"yoast-schema-graph\">{\"@context\":\"https:\/\/schema.org\",\"@graph\":[{\"@type\":\"WebPage\",\"@id\":\"https:\/\/flirtbees.app\/privacy\/\",\"url\":\"https:\/\/flirtbees.app\/privacy\/\",\"name\":\"Privacy - Flirtbees\",\"isPartOf\":{\"@id\":\"https:\/\/flirtbees.app\/#website\"},\"datePublished\":\"2020-04-08T21:06:52+00:00\",\"dateModified\":\"2025-03-08T15:23:36+00:00\",\"description\":\"Privacy is an Anonymous random video chat with over 5.000.000 strangers. No Sign-Up Required! Online camera chat on Privacy app.\",\"breadcrumb\":{\"@id\":\"https:\/\/flirtbees.app\/privacy\/#breadcrumb\"},\"inLanguage\":\"pt-BR\",\"potentialAction\":[{\"@type\":\"ReadAction\",\"target\":[\"https:\/\/flirtbees.app\/privacy\/\"]}]},{\"@type\":\"BreadcrumbList\",\"@id\":\"https:\/\/flirtbees.app\/privacy\/#breadcrumb\",\"itemListElement\":[{\"@type\":\"ListItem\",\"position\":1,\"name\":\"Home\",\"item\":\"https:\/\/flirtbees.app\/\"},{\"@type\":\"ListItem\",\"position\":2,\"name\":\"Privacy\"}]},{\"@type\":\"WebSite\",\"@id\":\"https:\/\/flirtbees.app\/#website\",\"url\":\"https:\/\/flirtbees.app\/\",\"name\":\"Flirtbees\",\"description\":\"\",\"potentialAction\":[{\"@type\":\"SearchAction\",\"target\":{\"@type\":\"EntryPoint\",\"urlTemplate\":\"https:\/\/flirtbees.app\/?s={search_term_string}\"},\"query-input\":{\"@type\":\"PropertyValueSpecification\",\"valueRequired\":true,\"valueName\":\"search_term_string\"}}],\"inLanguage\":\"pt-BR\"}]}<\/script>\n<!-- \/ Yoast SEO plugin. -->","yoast_head_json":{"title":"Privacidade - Flirtbees","description":"Privacy \u00e9 um bate-papo por v\u00eddeo aleat\u00f3rio an\u00f4nimo com mais de 5.000.000 de desconhecidos. N\u00e3o \u00e9 necess\u00e1rio se registrar! Bate-papo com c\u00e2mera on-line no aplicativo Privacy.","robots":{"index":"index","follow":"follow","max-snippet":"max-snippet:-1","max-image-preview":"max-image-preview:large","max-video-preview":"max-video-preview:-1"},"canonical":"https:\/\/flirtbees.app\/pt\/privacy\/","og_locale":"pt_BR","og_type":"article","og_title":"Privacy - Flirtbees","og_description":"Privacy is an Anonymous random video chat with over 5.000.000 strangers. No Sign-Up Required! Online camera chat on Privacy app.","og_url":"https:\/\/flirtbees.app\/pt\/privacy\/","og_site_name":"Flirtbees","article_modified_time":"2025-03-08T15:23:36+00:00","twitter_card":"summary_large_image","twitter_misc":{"Est. tempo de leitura":"2 minutos"},"schema":{"@context":"https:\/\/schema.org","@graph":[{"@type":"WebPage","@id":"https:\/\/flirtbees.app\/privacy\/","url":"https:\/\/flirtbees.app\/privacy\/","name":"Privacidade - Flirtbees","isPartOf":{"@id":"https:\/\/flirtbees.app\/#website"},"datePublished":"2020-04-08T21:06:52+00:00","dateModified":"2025-03-08T15:23:36+00:00","description":"Privacy \u00e9 um bate-papo por v\u00eddeo aleat\u00f3rio an\u00f4nimo com mais de 5.000.000 de desconhecidos. N\u00e3o \u00e9 necess\u00e1rio se registrar! Bate-papo com c\u00e2mera on-line no aplicativo Privacy.","breadcrumb":{"@id":"https:\/\/flirtbees.app\/privacy\/#breadcrumb"},"inLanguage":"pt-BR","potentialAction":[{"@type":"ReadAction","target":["https:\/\/flirtbees.app\/privacy\/"]}]},{"@type":"BreadcrumbList","@id":"https:\/\/flirtbees.app\/privacy\/#breadcrumb","itemListElement":[{"@type":"ListItem","position":1,"name":"Home","item":"https:\/\/flirtbees.app\/"},{"@type":"ListItem","position":2,"name":"Privacy"}]},{"@type":"WebSite","@id":"https:\/\/flirtbees.app\/#website","url":"https:\/\/flirtbees.app\/","name":"Flirtbees","description":"","potentialAction":[{"@type":"SearchAction","target":{"@type":"EntryPoint","urlTemplate":"https:\/\/flirtbees.app\/?s={search_term_string}"},"query-input":{"@type":"PropertyValueSpecification","valueRequired":true,"valueName":"search_term_string"}}],"inLanguage":"pt-BR"}]}},"_links":{"self":[{"href":"https:\/\/flirtbees.app\/pt\/wp-json\/wp\/v2\/pages\/43","targetHints":{"allow":["GET"]}}],"collection":[{"href":"https:\/\/flirtbees.app\/pt\/wp-json\/wp\/v2\/pages"}],"about":[{"href":"https:\/\/flirtbees.app\/pt\/wp-json\/wp\/v2\/types\/page"}],"author":[{"embeddable":true,"href":"https:\/\/flirtbees.app\/pt\/wp-json\/wp\/v2\/users\/1"}],"replies":[{"embeddable":true,"href":"https:\/\/flirtbees.app\/pt\/wp-json\/wp\/v2\/comments?post=43"}],"version-history":[{"count":10,"href":"https:\/\/flirtbees.app\/pt\/wp-json\/wp\/v2\/pages\/43\/revisions"}],"predecessor-version":[{"id":1976,"href":"https:\/\/flirtbees.app\/pt\/wp-json\/wp\/v2\/pages\/43\/revisions\/1976"}],"wp:attachment":[{"href":"https:\/\/flirtbees.app\/pt\/wp-json\/wp\/v2\/media?parent=43"}],"curies":[{"name":"wp","href":"https:\/\/api.w.org\/{rel}","templated":true}]}}